{"id":210,"date":"2025-09-15T20:30:01","date_gmt":"2025-09-15T20:30:01","guid":{"rendered":"https:\/\/transhumanismoespiritual.com\/web\/?page_id=210"},"modified":"2025-12-26T21:26:51","modified_gmt":"2025-12-26T21:26:51","slug":"literatura","status":"publish","type":"page","link":"https:\/\/transhumanismoespiritual.com\/index.php\/literatura\/","title":{"rendered":"LITERATURA"},"content":{"rendered":"\t\t<div data-elementor-type=\"wp-page\" data-elementor-id=\"210\" class=\"elementor elementor-210\">\n\t\t\t\t<div class=\"elementor-element elementor-element-fc70747 e-con-full e-flex e-con e-parent\" data-id=\"fc70747\" data-element_type=\"container\">\n\t\t\t\t<\/div>\n\t\t<div class=\"elementor-element elementor-element-bc62bb4 e-grid e-con-boxed e-con e-parent\" data-id=\"bc62bb4\" data-element_type=\"container\">\n\t\t\t\t\t<div class=\"e-con-inner\">\n\t\t\t\t<div class=\"elementor-element elementor-element-776ad49 elementor-widget elementor-widget-image\" data-id=\"776ad49\" data-element_type=\"widget\" data-widget_type=\"image.default\">\n\t\t\t\t\t\t\t\t\t\t\t\t\t\t\t<img fetchpriority=\"high\" decoding=\"async\" width=\"369\" height=\"366\" src=\"https:\/\/transhumanismoespiritual.com\/wp-content\/uploads\/2025\/09\/THESTAR.webp\" class=\"attachment-full size-full wp-image-162\" alt=\"\" srcset=\"https:\/\/transhumanismoespiritual.com\/wp-content\/uploads\/2025\/09\/THESTAR.webp 369w, https:\/\/transhumanismoespiritual.com\/wp-content\/uploads\/2025\/09\/THESTAR-300x298.webp 300w, https:\/\/transhumanismoespiritual.com\/wp-content\/uploads\/2025\/09\/THESTAR-150x150.webp 150w\" sizes=\"(max-width: 369px) 100vw, 369px\" \/>\t\t\t\t\t\t\t\t\t\t\t\t\t\t\t<\/div>\n\t\t\t\t\t<\/div>\n\t\t\t\t<\/div>\n\t\t<div class=\"elementor-element elementor-element-6ef812d e-con-full e-flex e-con e-parent\" data-id=\"6ef812d\" data-element_type=\"container\">\n\t\t\t\t<div class=\"elementor-element elementor-element-92c5b91 elementor-widget elementor-widget-heading\" data-id=\"92c5b91\" data-element_type=\"widget\" data-widget_type=\"heading.default\">\n\t\t\t\t\t<h2 class=\"elementor-heading-title elementor-size-default\">El Loco y sus Dos Sirenas<\/h2>\t\t\t\t<\/div>\n\t\t\t\t<\/div>\n\t\t<div class=\"elementor-element elementor-element-ae02cbe e-grid e-con-boxed e-con e-parent\" data-id=\"ae02cbe\" data-element_type=\"container\">\n\t\t\t\t\t<div class=\"e-con-inner\">\n\t\t\t\t<div class=\"elementor-element elementor-element-819e223 elementor-widget elementor-widget-image\" data-id=\"819e223\" data-element_type=\"widget\" data-widget_type=\"image.default\">\n\t\t\t\t\t\t\t\t\t\t\t\t\t\t\t<img decoding=\"async\" width=\"740\" height=\"1024\" src=\"https:\/\/transhumanismoespiritual.com\/wp-content\/uploads\/2025\/09\/PORTADA-EL-LOCO-Y-SUS-DOS-SIRENAS-740x1024.webp\" class=\"attachment-large size-large wp-image-176\" alt=\"Portada El Loco y sus Dos Sirenas\" srcset=\"https:\/\/transhumanismoespiritual.com\/wp-content\/uploads\/2025\/09\/PORTADA-EL-LOCO-Y-SUS-DOS-SIRENAS-740x1024.webp 740w, https:\/\/transhumanismoespiritual.com\/wp-content\/uploads\/2025\/09\/PORTADA-EL-LOCO-Y-SUS-DOS-SIRENAS-217x300.webp 217w, https:\/\/transhumanismoespiritual.com\/wp-content\/uploads\/2025\/09\/PORTADA-EL-LOCO-Y-SUS-DOS-SIRENAS-768x1063.webp 768w, https:\/\/transhumanismoespiritual.com\/wp-content\/uploads\/2025\/09\/PORTADA-EL-LOCO-Y-SUS-DOS-SIRENAS-1110x1536.webp 1110w, https:\/\/transhumanismoespiritual.com\/wp-content\/uploads\/2025\/09\/PORTADA-EL-LOCO-Y-SUS-DOS-SIRENAS-scaled.webp 1388w\" sizes=\"(max-width: 740px) 100vw, 740px\" \/>\t\t\t\t\t\t\t\t\t\t\t\t\t\t\t<\/div>\n\t\t\t\t<div class=\"elementor-element elementor-element-be9ea7b elementor-widget elementor-widget-text-editor\" data-id=\"be9ea7b\" data-element_type=\"widget\" data-widget_type=\"text-editor.default\">\n\t\t\t\t\t\t\t\t\t<p>Un joven desadaptado de la sociedad al tener ideas originales y radicales que lo mantienen en una locura pasiva, usa todas sus fuerzas en la b\u00fasqueda de su amor verdadero y prop\u00f3sito de vida. El rechazo constante de las mujeres, hace que el joven encuentre en el mundo esot\u00e9rico una visi\u00f3n distinta del mundo que lo circunda. El joven loco tiene amores obsesivos y plat\u00f3nicos con mujeres que va encontrando en su camino, logrando conectar en amor de pareja con dos mujeres que \u00e9l considera sus \u00abSirenas\u00bb.\u00a0Cuando el protagonista asimila la ausencia de su padre encarando a su madre para conocer la historia silenciada por ambos, se cambia el nombre con un juicio civil empezando as\u00ed una vida nueva. Su madre ante tal cambio, siente de inmediato el desapego con su hijo y se enferma de c\u00e1ncer, teniendo ambos que enfrentar tal nefasta enfermedad.\u00a0El protagonista poco a poco va creciendo en cordura, entendiendo al final que la sociedad es la que est\u00e1 loca, al vivir en un estado de \u00abDeshumanizaci\u00f3n\u00bb. Luego el protagonista asimila ser el avatar o l\u00edder de los nuevos tiempos, quedando estupefacto ante tal responsabilidad.\u00a0Finalmente, empieza a preparar el camino para instalar un sistema \u00fanico de gobierno tecnol\u00f3gico y moderno llamado \u00abAquarium\u00bb. De este modo dirigir\u00e1 a la humanidad mediante el \u00abTranshumanismo\u00bb, con el \u00fanico noble prop\u00f3sito de que los seres humanos puedan encontrar el amor verdadero y sus prop\u00f3sitos de vida.<\/p>\t\t\t\t\t\t\t\t<\/div>\n\t\t\t\t\t<\/div>\n\t\t\t\t<\/div>\n\t\t<div class=\"elementor-element elementor-element-42bcca9 e-con-full e-grid e-con e-parent\" data-id=\"42bcca9\" data-element_type=\"container\">\n\t\t\t\t<div class=\"elementor-element elementor-element-f10ef42 elementor-widget elementor-widget-image\" data-id=\"f10ef42\" data-element_type=\"widget\" data-widget_type=\"image.default\">\n\t\t\t\t\t\t\t\t\t\t\t\t\t\t\t<img fetchpriority=\"high\" decoding=\"async\" width=\"369\" height=\"366\" src=\"https:\/\/transhumanismoespiritual.com\/wp-content\/uploads\/2025\/09\/THESTAR.webp\" class=\"attachment-full size-full wp-image-162\" alt=\"\" srcset=\"https:\/\/transhumanismoespiritual.com\/wp-content\/uploads\/2025\/09\/THESTAR.webp 369w, https:\/\/transhumanismoespiritual.com\/wp-content\/uploads\/2025\/09\/THESTAR-300x298.webp 300w, https:\/\/transhumanismoespiritual.com\/wp-content\/uploads\/2025\/09\/THESTAR-150x150.webp 150w\" sizes=\"(max-width: 369px) 100vw, 369px\" \/>\t\t\t\t\t\t\t\t\t\t\t\t\t\t\t<\/div>\n\t\t\t\t<div class=\"elementor-element elementor-element-ceafb8a elementor-align-center elementor-widget elementor-widget-button\" data-id=\"ceafb8a\" data-element_type=\"widget\" data-widget_type=\"button.default\">\n\t\t\t\t\t\t\t\t\t\t<a class=\"elementor-button elementor-button-link elementor-size-sm elementor-animation-grow\" href=\"https:\/\/www.amazon.com\/loco-sus-dos-sirenas-Spanish\/dp\/8411811948?utm_source=ig&#038;utm_medium=social&#038;utm_content=link_in_bio&#038;fbclid=PAZXh0bgNhZW0CMTEAc3J0YwZhcHBfaWQMMjU2MjgxMDQwNTU4AAGn9QAGEHgO2SwZHHBWusH0FsQnNC3nPGX-2b2N_oMFf5Z2UAx9ouUQ7pLz3do_aem_X9pqUPxt3hDZZHexRqW9sQ\" target=\"_blank\">\n\t\t\t\t\t\t<span class=\"elementor-button-content-wrapper\">\n\t\t\t\t\t\t\t\t\t<span class=\"elementor-button-text\">COMPRAR EN AMAZON<\/span>\n\t\t\t\t\t<\/span>\n\t\t\t\t\t<\/a>\n\t\t\t\t\t\t\t\t<\/div>\n\t\t\t\t<div class=\"elementor-element elementor-element-45c0f3f elementor-widget elementor-widget-image\" data-id=\"45c0f3f\" data-element_type=\"widget\" data-widget_type=\"image.default\">\n\t\t\t\t\t\t\t\t\t\t\t\t\t\t\t<img fetchpriority=\"high\" decoding=\"async\" width=\"369\" height=\"366\" src=\"https:\/\/transhumanismoespiritual.com\/wp-content\/uploads\/2025\/09\/THESTAR.webp\" class=\"attachment-full size-full wp-image-162\" alt=\"\" srcset=\"https:\/\/transhumanismoespiritual.com\/wp-content\/uploads\/2025\/09\/THESTAR.webp 369w, https:\/\/transhumanismoespiritual.com\/wp-content\/uploads\/2025\/09\/THESTAR-300x298.webp 300w, https:\/\/transhumanismoespiritual.com\/wp-content\/uploads\/2025\/09\/THESTAR-150x150.webp 150w\" sizes=\"(max-width: 369px) 100vw, 369px\" \/>\t\t\t\t\t\t\t\t\t\t\t\t\t\t\t<\/div>\n\t\t\t\t<\/div>\n\t\t<div class=\"elementor-element elementor-element-ce31534 e-flex e-con-boxed e-con e-parent\" data-id=\"ce31534\" data-element_type=\"container\">\n\t\t\t\t\t<div class=\"e-con-inner\">\n\t\t\t\t<div class=\"elementor-element elementor-element-49f7009 elementor-widget elementor-widget-video\" data-id=\"49f7009\" data-element_type=\"widget\" data-settings=\"{&quot;video_type&quot;:&quot;vimeo&quot;}\" data-widget_type=\"video.default\">\n\t\t\t\t\t\t\t<div class=\"elementor-wrapper elementor-open-inline\">\n\t\t\t<iframe class=\"elementor-video-iframe\" allowfullscreen allow=\"clipboard-write\" title=\"Reproductor de v\u00eddeo vimeo\" src=\"https:\/\/player.vimeo.com\/video\/1148377249?color&amp;autopause=0&amp;loop=0&amp;muted=0&amp;title=1&amp;portrait=1&amp;byline=1#t=\"><\/iframe>\t\t<\/div>\n\t\t\t\t\t\t<\/div>\n\t\t\t\t\t<\/div>\n\t\t\t\t<\/div>\n\t\t<div class=\"elementor-element elementor-element-2b47e92 e-con-full e-grid e-con e-parent\" data-id=\"2b47e92\" data-element_type=\"container\">\n\t\t<div class=\"elementor-element elementor-element-1f9e183 e-grid e-con-boxed e-con e-child\" data-id=\"1f9e183\" data-element_type=\"container\">\n\t\t\t\t\t<div class=\"e-con-inner\">\n\t\t\t\t<div class=\"elementor-element elementor-element-da344a3 elementor-widget elementor-widget-image\" data-id=\"da344a3\" data-element_type=\"widget\" data-widget_type=\"image.default\">\n\t\t\t\t\t\t\t\t\t\t\t\t\t\t\t<img fetchpriority=\"high\" decoding=\"async\" width=\"369\" height=\"366\" src=\"https:\/\/transhumanismoespiritual.com\/wp-content\/uploads\/2025\/09\/THESTAR.webp\" class=\"attachment-full size-full wp-image-162\" alt=\"\" srcset=\"https:\/\/transhumanismoespiritual.com\/wp-content\/uploads\/2025\/09\/THESTAR.webp 369w, https:\/\/transhumanismoespiritual.com\/wp-content\/uploads\/2025\/09\/THESTAR-300x298.webp 300w, https:\/\/transhumanismoespiritual.com\/wp-content\/uploads\/2025\/09\/THESTAR-150x150.webp 150w\" sizes=\"(max-width: 369px) 100vw, 369px\" \/>\t\t\t\t\t\t\t\t\t\t\t\t\t\t\t<\/div>\n\t\t\t\t\t<\/div>\n\t\t\t\t<\/div>\n\t\t\t\t<div class=\"elementor-element elementor-element-ee6ac84 elementor-widget elementor-widget-heading\" data-id=\"ee6ac84\" data-element_type=\"widget\" data-widget_type=\"heading.default\">\n\t\t\t\t\t<h2 class=\"elementor-heading-title elementor-size-default\">Pr\u00f3ximamente<\/h2>\t\t\t\t<\/div>\n\t\t\t\t<\/div>\n\t\t<div class=\"elementor-element elementor-element-6168aef e-flex e-con-boxed e-con e-parent\" data-id=\"6168aef\" data-element_type=\"container\">\n\t\t\t\t\t<div class=\"e-con-inner\">\n\t\t\t\t<div class=\"elementor-element elementor-element-d5881b0 elementor-widget elementor-widget-image\" data-id=\"d5881b0\" data-element_type=\"widget\" data-widget_type=\"image.default\">\n\t\t\t\t\t\t\t\t\t\t\t\t\t\t\t<img decoding=\"async\" width=\"768\" height=\"1130\" src=\"https:\/\/transhumanismoespiritual.com\/wp-content\/uploads\/2025\/09\/PORTADA-FINAL-EL-ANDRIDE-SUICIDa-comprimida-768x1130.webp\" class=\"attachment-medium_large size-medium_large wp-image-177\" alt=\"Portada El Androide Suicida\" srcset=\"https:\/\/transhumanismoespiritual.com\/wp-content\/uploads\/2025\/09\/PORTADA-FINAL-EL-ANDRIDE-SUICIDa-comprimida-768x1130.webp 768w, https:\/\/transhumanismoespiritual.com\/wp-content\/uploads\/2025\/09\/PORTADA-FINAL-EL-ANDRIDE-SUICIDa-comprimida-204x300.webp 204w, https:\/\/transhumanismoespiritual.com\/wp-content\/uploads\/2025\/09\/PORTADA-FINAL-EL-ANDRIDE-SUICIDa-comprimida-696x1024.webp 696w, https:\/\/transhumanismoespiritual.com\/wp-content\/uploads\/2025\/09\/PORTADA-FINAL-EL-ANDRIDE-SUICIDa-comprimida-1044x1536.webp 1044w, https:\/\/transhumanismoespiritual.com\/wp-content\/uploads\/2025\/09\/PORTADA-FINAL-EL-ANDRIDE-SUICIDa-comprimida-scaled.webp 1305w\" sizes=\"(max-width: 768px) 100vw, 768px\" \/>\t\t\t\t\t\t\t\t\t\t\t\t\t\t\t<\/div>\n\t\t\t\t<div class=\"elementor-element elementor-element-651d81f elementor-widget elementor-widget-text-editor\" data-id=\"651d81f\" data-element_type=\"widget\" data-widget_type=\"text-editor.default\">\n\t\t\t\t\t\t\t\t\t<p>.<\/p>\t\t\t\t\t\t\t\t<\/div>\n\t\t\t\t\t<\/div>\n\t\t\t\t<\/div>\n\t\t<div class=\"elementor-element elementor-element-9104bc6 e-grid e-con-boxed e-con e-parent\" data-id=\"9104bc6\" data-element_type=\"container\">\n\t\t\t\t\t<div class=\"e-con-inner\">\n\t\t\t\t<div class=\"elementor-element elementor-element-49ab1a6 elementor-widget elementor-widget-image\" data-id=\"49ab1a6\" data-element_type=\"widget\" data-widget_type=\"image.default\">\n\t\t\t\t\t\t\t\t\t\t\t\t\t\t\t<img fetchpriority=\"high\" decoding=\"async\" width=\"369\" height=\"366\" src=\"https:\/\/transhumanismoespiritual.com\/wp-content\/uploads\/2025\/09\/THESTAR.webp\" class=\"attachment-full size-full wp-image-162\" alt=\"\" srcset=\"https:\/\/transhumanismoespiritual.com\/wp-content\/uploads\/2025\/09\/THESTAR.webp 369w, https:\/\/transhumanismoespiritual.com\/wp-content\/uploads\/2025\/09\/THESTAR-300x298.webp 300w, https:\/\/transhumanismoespiritual.com\/wp-content\/uploads\/2025\/09\/THESTAR-150x150.webp 150w\" sizes=\"(max-width: 369px) 100vw, 369px\" \/>\t\t\t\t\t\t\t\t\t\t\t\t\t\t\t<\/div>\n\t\t\t\t\t<\/div>\n\t\t\t\t<\/div>\n\t\t\t\t<\/div>\n\t\t","protected":false},"excerpt":{"rendered":"<p>El Loco y sus Dos Sirenas Un joven desadaptado de la sociedad al tener ideas originales y radicales que lo mantienen en una locura pasiva, usa todas sus fuerzas en la b\u00fasqueda de su amor verdadero y prop\u00f3sito de vida. El rechazo constante de las mujeres, hace que el joven encuentre en el mundo esot\u00e9rico [&hellip;]<\/p>\n","protected":false},"author":1,"featured_media":0,"parent":0,"menu_order":0,"comment_status":"closed","ping_status":"closed","template":"","meta":{"site-sidebar-layout":"no-sidebar","site-content-layout":"","ast-site-content-layout":"full-width-container","site-content-style":"default","site-sidebar-style":"default","ast-global-header-display":"","ast-banner-title-visibility":"","ast-main-header-display":"","ast-hfb-above-header-display":"","ast-hfb-below-header-display":"","ast-hfb-mobile-header-display":"","site-post-title":"disabled","ast-breadcrumbs-content":"","ast-featured-img":"disabled","footer-sml-layout":"","theme-transparent-header-meta":"default","adv-header-id-meta":"","stick-header-meta":"","header-above-stick-meta":"","header-main-stick-meta":"","header-below-stick-meta":"","astra-migrate-meta-layouts":"set","ast-page-background-enabled":"default","ast-page-background-meta":{"desktop":{"background-color":"var(--ast-global-color-5)","background-image":"","background-repeat":"repeat","background-position":"center center","background-size":"auto","background-attachment":"scroll","background-type":"","background-media":"","overlay-type":"","overlay-color":"","overlay-opacity":"","overlay-gradient":""},"tablet":{"background-color":"","background-image":"","background-repeat":"repeat","background-position":"center center","background-size":"auto","background-attachment":"scroll","background-type":"","background-media":"","overlay-type":"","overlay-color":"","overlay-opacity":"","overlay-gradient":""},"mobile":{"background-color":"","background-image":"","background-repeat":"repeat","background-position":"center center","background-size":"auto","background-attachment":"scroll","background-type":"","background-media":"","overlay-type":"","overlay-color":"","overlay-opacity":"","overlay-gradient":""}},"ast-content-background-meta":{"desktop":{"background-color":"var(--ast-global-color-4)","background-image":"","background-repeat":"repeat","background-position":"center center","background-size":"auto","background-attachment":"scroll","background-type":"","background-media":"","overlay-type":"","overlay-color":"","overlay-opacity":"","overlay-gradient":""},"tablet":{"background-color":"var(--ast-global-color-4)","background-image":"","background-repeat":"repeat","background-position":"center center","background-size":"auto","background-attachment":"scroll","background-type":"","background-media":"","overlay-type":"","overlay-color":"","overlay-opacity":"","overlay-gradient":""},"mobile":{"background-color":"var(--ast-global-color-4)","background-image":"","background-repeat":"repeat","background-position":"center center","background-size":"auto","background-attachment":"scroll","background-type":"","background-media":"","overlay-type":"","overlay-color":"","overlay-opacity":"","overlay-gradient":""}},"footnotes":""},"class_list":["post-210","page","type-page","status-publish","hentry"],"yoast_head":"<!-- This site is optimized with the Yoast SEO plugin v26.6 - https:\/\/yoast.com\/wordpress\/plugins\/seo\/ -->\n<title>LITERATURA - TRANSHUMANISMO ESPIRITUAL<\/title>\n<meta name=\"description\" content=\"Literatura relacionada al Transhumanismo Espiritual. Obra: &quot;El loco y sus dos sirenas&quot; del autor Carlos Augusto.\" \/>\n<meta name=\"robots\" content=\"index, follow, max-snippet:-1, max-image-preview:large, max-video-preview:-1\" \/>\n<link rel=\"canonical\" href=\"https:\/\/transhumanismoespiritual.com\/index.php\/literatura\/\" \/>\n<meta property=\"og:locale\" content=\"es_ES\" \/>\n<meta property=\"og:type\" content=\"article\" \/>\n<meta property=\"og:title\" content=\"LITERATURA - TRANSHUMANISMO ESPIRITUAL\" \/>\n<meta property=\"og:description\" content=\"Literatura relacionada al Transhumanismo Espiritual. Obra: &quot;El loco y sus dos sirenas&quot; del autor Carlos Augusto.\" \/>\n<meta property=\"og:url\" content=\"https:\/\/transhumanismoespiritual.com\/index.php\/literatura\/\" \/>\n<meta property=\"og:site_name\" content=\"TRANSHUMANISMO ESPIRITUAL\" \/>\n<meta property=\"article:publisher\" content=\"https:\/\/www.threads.com\/@transhumanismoespiritual?hl=es-la\" \/>\n<meta property=\"article:modified_time\" content=\"2025-12-26T21:26:51+00:00\" \/>\n<meta property=\"og:image\" content=\"https:\/\/transhumanismoespiritual.com\/wp-content\/uploads\/2025\/09\/THESTAR.webp\" \/>\n<meta name=\"twitter:card\" content=\"summary_large_image\" \/>\n<meta name=\"twitter:site\" content=\"@transhuman55978\" \/>\n<meta name=\"twitter:label1\" content=\"Tiempo estimado de lectura\" \/>\n\t<meta name=\"twitter:data1\" content=\"3 minutos\" \/>\n<script type=\"application\/ld+json\" class=\"yoast-schema-graph\">{\"@context\":\"https:\/\/schema.org\",\"@graph\":[{\"@type\":\"WebPage\",\"@id\":\"https:\/\/transhumanismoespiritual.com\/index.php\/literatura\/\",\"url\":\"https:\/\/transhumanismoespiritual.com\/index.php\/literatura\/\",\"name\":\"LITERATURA - TRANSHUMANISMO ESPIRITUAL\",\"isPartOf\":{\"@id\":\"https:\/\/transhumanismoespiritual.com\/#website\"},\"primaryImageOfPage\":{\"@id\":\"https:\/\/transhumanismoespiritual.com\/index.php\/literatura\/#primaryimage\"},\"image\":{\"@id\":\"https:\/\/transhumanismoespiritual.com\/index.php\/literatura\/#primaryimage\"},\"thumbnailUrl\":\"https:\/\/transhumanismoespiritual.com\/wp-content\/uploads\/2025\/09\/THESTAR.webp\",\"datePublished\":\"2025-09-15T20:30:01+00:00\",\"dateModified\":\"2025-12-26T21:26:51+00:00\",\"description\":\"Literatura relacionada al Transhumanismo Espiritual. Obra: \\\"El loco y sus dos sirenas\\\" del autor Carlos Augusto.\",\"breadcrumb\":{\"@id\":\"https:\/\/transhumanismoespiritual.com\/index.php\/literatura\/#breadcrumb\"},\"inLanguage\":\"es-CL\",\"potentialAction\":[{\"@type\":\"ReadAction\",\"target\":[\"https:\/\/transhumanismoespiritual.com\/index.php\/literatura\/\"]}]},{\"@type\":\"ImageObject\",\"inLanguage\":\"es-CL\",\"@id\":\"https:\/\/transhumanismoespiritual.com\/index.php\/literatura\/#primaryimage\",\"url\":\"https:\/\/transhumanismoespiritual.com\/wp-content\/uploads\/2025\/09\/THESTAR.webp\",\"contentUrl\":\"https:\/\/transhumanismoespiritual.com\/wp-content\/uploads\/2025\/09\/THESTAR.webp\",\"width\":369,\"height\":366},{\"@type\":\"BreadcrumbList\",\"@id\":\"https:\/\/transhumanismoespiritual.com\/index.php\/literatura\/#breadcrumb\",\"itemListElement\":[{\"@type\":\"ListItem\",\"position\":1,\"name\":\"Portada\",\"item\":\"https:\/\/transhumanismoespiritual.com\/\"},{\"@type\":\"ListItem\",\"position\":2,\"name\":\"LITERATURA\"}]},{\"@type\":\"WebSite\",\"@id\":\"https:\/\/transhumanismoespiritual.com\/#website\",\"url\":\"https:\/\/transhumanismoespiritual.com\/\",\"name\":\"TRANSHUMANISMO ESPIRITUAL\",\"description\":\"Hogar digital\",\"publisher\":{\"@id\":\"https:\/\/transhumanismoespiritual.com\/#organization\"},\"potentialAction\":[{\"@type\":\"SearchAction\",\"target\":{\"@type\":\"EntryPoint\",\"urlTemplate\":\"https:\/\/transhumanismoespiritual.com\/?s={search_term_string}\"},\"query-input\":{\"@type\":\"PropertyValueSpecification\",\"valueRequired\":true,\"valueName\":\"search_term_string\"}}],\"inLanguage\":\"es-CL\"},{\"@type\":\"Organization\",\"@id\":\"https:\/\/transhumanismoespiritual.com\/#organization\",\"name\":\"TRANSHUMANISMO ESPIRITUAL\",\"url\":\"https:\/\/transhumanismoespiritual.com\/\",\"logo\":{\"@type\":\"ImageObject\",\"inLanguage\":\"es-CL\",\"@id\":\"https:\/\/transhumanismoespiritual.com\/#\/schema\/logo\/image\/\",\"url\":\"https:\/\/transhumanismoespiritual.com\/wp-content\/uploads\/2025\/12\/cropped-logo_transhumanismoespiritual-1.webp\",\"contentUrl\":\"https:\/\/transhumanismoespiritual.com\/wp-content\/uploads\/2025\/12\/cropped-logo_transhumanismoespiritual-1.webp\",\"width\":160,\"height\":160,\"caption\":\"TRANSHUMANISMO ESPIRITUAL\"},\"image\":{\"@id\":\"https:\/\/transhumanismoespiritual.com\/#\/schema\/logo\/image\/\"},\"sameAs\":[\"https:\/\/www.threads.com\/@transhumanismoespiritual?hl=es-la\",\"https:\/\/x.com\/transhuman55978\",\"https:\/\/www.instagram.com\/transhumanismoespiritual\/\"]}]}<\/script>\n<!-- \/ Yoast SEO plugin. -->","yoast_head_json":{"title":"LITERATURA - TRANSHUMANISMO ESPIRITUAL","description":"Literatura relacionada al Transhumanismo Espiritual. Obra: \"El loco y sus dos sirenas\" del autor Carlos Augusto.","robots":{"index":"index","follow":"follow","max-snippet":"max-snippet:-1","max-image-preview":"max-image-preview:large","max-video-preview":"max-video-preview:-1"},"canonical":"https:\/\/transhumanismoespiritual.com\/index.php\/literatura\/","og_locale":"es_ES","og_type":"article","og_title":"LITERATURA - TRANSHUMANISMO ESPIRITUAL","og_description":"Literatura relacionada al Transhumanismo Espiritual. Obra: \"El loco y sus dos sirenas\" del autor Carlos Augusto.","og_url":"https:\/\/transhumanismoespiritual.com\/index.php\/literatura\/","og_site_name":"TRANSHUMANISMO ESPIRITUAL","article_publisher":"https:\/\/www.threads.com\/@transhumanismoespiritual?hl=es-la","article_modified_time":"2025-12-26T21:26:51+00:00","og_image":[{"url":"https:\/\/transhumanismoespiritual.com\/wp-content\/uploads\/2025\/09\/THESTAR.webp","type":"","width":"","height":""}],"twitter_card":"summary_large_image","twitter_site":"@transhuman55978","twitter_misc":{"Tiempo estimado de lectura":"3 minutos"},"schema":{"@context":"https:\/\/schema.org","@graph":[{"@type":"WebPage","@id":"https:\/\/transhumanismoespiritual.com\/index.php\/literatura\/","url":"https:\/\/transhumanismoespiritual.com\/index.php\/literatura\/","name":"LITERATURA - TRANSHUMANISMO ESPIRITUAL","isPartOf":{"@id":"https:\/\/transhumanismoespiritual.com\/#website"},"primaryImageOfPage":{"@id":"https:\/\/transhumanismoespiritual.com\/index.php\/literatura\/#primaryimage"},"image":{"@id":"https:\/\/transhumanismoespiritual.com\/index.php\/literatura\/#primaryimage"},"thumbnailUrl":"https:\/\/transhumanismoespiritual.com\/wp-content\/uploads\/2025\/09\/THESTAR.webp","datePublished":"2025-09-15T20:30:01+00:00","dateModified":"2025-12-26T21:26:51+00:00","description":"Literatura relacionada al Transhumanismo Espiritual. Obra: \"El loco y sus dos sirenas\" del autor Carlos Augusto.","breadcrumb":{"@id":"https:\/\/transhumanismoespiritual.com\/index.php\/literatura\/#breadcrumb"},"inLanguage":"es-CL","potentialAction":[{"@type":"ReadAction","target":["https:\/\/transhumanismoespiritual.com\/index.php\/literatura\/"]}]},{"@type":"ImageObject","inLanguage":"es-CL","@id":"https:\/\/transhumanismoespiritual.com\/index.php\/literatura\/#primaryimage","url":"https:\/\/transhumanismoespiritual.com\/wp-content\/uploads\/2025\/09\/THESTAR.webp","contentUrl":"https:\/\/transhumanismoespiritual.com\/wp-content\/uploads\/2025\/09\/THESTAR.webp","width":369,"height":366},{"@type":"BreadcrumbList","@id":"https:\/\/transhumanismoespiritual.com\/index.php\/literatura\/#breadcrumb","itemListElement":[{"@type":"ListItem","position":1,"name":"Portada","item":"https:\/\/transhumanismoespiritual.com\/"},{"@type":"ListItem","position":2,"name":"LITERATURA"}]},{"@type":"WebSite","@id":"https:\/\/transhumanismoespiritual.com\/#website","url":"https:\/\/transhumanismoespiritual.com\/","name":"TRANSHUMANISMO ESPIRITUAL","description":"Hogar digital","publisher":{"@id":"https:\/\/transhumanismoespiritual.com\/#organization"},"potentialAction":[{"@type":"SearchAction","target":{"@type":"EntryPoint","urlTemplate":"https:\/\/transhumanismoespiritual.com\/?s={search_term_string}"},"query-input":{"@type":"PropertyValueSpecification","valueRequired":true,"valueName":"search_term_string"}}],"inLanguage":"es-CL"},{"@type":"Organization","@id":"https:\/\/transhumanismoespiritual.com\/#organization","name":"TRANSHUMANISMO ESPIRITUAL","url":"https:\/\/transhumanismoespiritual.com\/","logo":{"@type":"ImageObject","inLanguage":"es-CL","@id":"https:\/\/transhumanismoespiritual.com\/#\/schema\/logo\/image\/","url":"https:\/\/transhumanismoespiritual.com\/wp-content\/uploads\/2025\/12\/cropped-logo_transhumanismoespiritual-1.webp","contentUrl":"https:\/\/transhumanismoespiritual.com\/wp-content\/uploads\/2025\/12\/cropped-logo_transhumanismoespiritual-1.webp","width":160,"height":160,"caption":"TRANSHUMANISMO ESPIRITUAL"},"image":{"@id":"https:\/\/transhumanismoespiritual.com\/#\/schema\/logo\/image\/"},"sameAs":["https:\/\/www.threads.com\/@transhumanismoespiritual?hl=es-la","https:\/\/x.com\/transhuman55978","https:\/\/www.instagram.com\/transhumanismoespiritual\/"]}]}},"_links":{"self":[{"href":"https:\/\/transhumanismoespiritual.com\/index.php\/wp-json\/wp\/v2\/pages\/210","targetHints":{"allow":["GET"]}}],"collection":[{"href":"https:\/\/transhumanismoespiritual.com\/index.php\/wp-json\/wp\/v2\/pages"}],"about":[{"href":"https:\/\/transhumanismoespiritual.com\/index.php\/wp-json\/wp\/v2\/types\/page"}],"author":[{"embeddable":true,"href":"https:\/\/transhumanismoespiritual.com\/index.php\/wp-json\/wp\/v2\/users\/1"}],"replies":[{"embeddable":true,"href":"https:\/\/transhumanismoespiritual.com\/index.php\/wp-json\/wp\/v2\/comments?post=210"}],"version-history":[{"count":43,"href":"https:\/\/transhumanismoespiritual.com\/index.php\/wp-json\/wp\/v2\/pages\/210\/revisions"}],"predecessor-version":[{"id":670,"href":"https:\/\/transhumanismoespiritual.com\/index.php\/wp-json\/wp\/v2\/pages\/210\/revisions\/670"}],"wp:attachment":[{"href":"https:\/\/transhumanismoespiritual.com\/index.php\/wp-json\/wp\/v2\/media?parent=210"}],"curies":[{"name":"wp","href":"https:\/\/api.w.org\/{rel}","templated":true}]}}