{"id":6,"date":"2025-08-31T18:35:27","date_gmt":"2025-08-31T18:35:27","guid":{"rendered":"https:\/\/transhumanismoespiritual.com\/web\/?page_id=6"},"modified":"2025-12-26T21:26:51","modified_gmt":"2025-12-26T21:26:51","slug":"casadigital","status":"publish","type":"page","link":"https:\/\/transhumanismoespiritual.com\/","title":{"rendered":"HOME"},"content":{"rendered":"\t\t<div data-elementor-type=\"wp-page\" data-elementor-id=\"6\" class=\"elementor elementor-6\">\n\t\t\t\t<div class=\"elementor-element elementor-element-27d24de e-con-full e-flex e-con e-parent\" data-id=\"27d24de\" data-element_type=\"container\">\n\t\t\t\t<div class=\"elementor-element elementor-element-e8e6ed3 elementor-widget elementor-widget-image\" data-id=\"e8e6ed3\" data-element_type=\"widget\" data-widget_type=\"image.default\">\n\t\t\t\t\t\t\t\t\t\t\t\t\t\t\t<img fetchpriority=\"high\" decoding=\"async\" width=\"369\" height=\"366\" src=\"https:\/\/transhumanismoespiritual.com\/wp-content\/uploads\/2025\/09\/THESTAR.webp\" class=\"attachment-full size-full wp-image-162\" alt=\"\" srcset=\"https:\/\/transhumanismoespiritual.com\/wp-content\/uploads\/2025\/09\/THESTAR.webp 369w, https:\/\/transhumanismoespiritual.com\/wp-content\/uploads\/2025\/09\/THESTAR-300x298.webp 300w, https:\/\/transhumanismoespiritual.com\/wp-content\/uploads\/2025\/09\/THESTAR-150x150.webp 150w\" sizes=\"(max-width: 369px) 100vw, 369px\" \/>\t\t\t\t\t\t\t\t\t\t\t\t\t\t\t<\/div>\n\t\t\t\t<div class=\"elementor-element elementor-element-4d90f20 animated-slow elementor-invisible elementor-widget elementor-widget-heading\" data-id=\"4d90f20\" data-element_type=\"widget\" data-settings=\"{&quot;_animation&quot;:&quot;fadeIn&quot;}\" data-widget_type=\"heading.default\">\n\t\t\t\t\t<h2 class=\"elementor-heading-title elementor-size-default\">TRANSHUMANISMO ESPIRITUAL<\/h2>\t\t\t\t<\/div>\n\t\t\t\t<div class=\"elementor-element elementor-element-9f4beff animated-slow elementor-invisible elementor-widget elementor-widget-heading\" data-id=\"9f4beff\" data-element_type=\"widget\" data-settings=\"{&quot;_animation&quot;:&quot;fadeIn&quot;}\" data-widget_type=\"heading.default\">\n\t\t\t\t\t<h2 class=\"elementor-heading-title elementor-size-default\">Encuentra el Amor Verdadero y el Prop\u00f3sito de Vida<\/h2>\t\t\t\t<\/div>\n\t\t\t\t<div class=\"elementor-element elementor-element-f7998a0 animated-slow elementor-widget__width-initial elementor-invisible elementor-widget elementor-widget-heading\" data-id=\"f7998a0\" data-element_type=\"widget\" data-settings=\"{&quot;_animation&quot;:&quot;fadeIn&quot;}\" data-widget_type=\"heading.default\">\n\t\t\t\t\t<h2 class=\"elementor-heading-title elementor-size-default\">En un mundo superficial, el Amor Verdadero es la \u00fanica esencia que ofrece conexi\u00f3n y trascendencia real.<\/h2>\t\t\t\t<\/div>\n\t\t\t\t<div class=\"elementor-element elementor-element-ee813e7 elementor-align-center animated-slow elementor-invisible elementor-widget elementor-widget-button\" data-id=\"ee813e7\" data-element_type=\"widget\" data-settings=\"{&quot;_animation&quot;:&quot;fadeInUp&quot;,&quot;_animation_delay&quot;:1000}\" data-widget_type=\"button.default\">\n\t\t\t\t\t\t\t\t\t\t<a class=\"elementor-button elementor-button-link elementor-size-sm\" href=\"https:\/\/transhumanismoespiritual.com\/?p=547&#038;preview=true\">\n\t\t\t\t\t\t<span class=\"elementor-button-content-wrapper\">\n\t\t\t\t\t\t\t\t\t<span class=\"elementor-button-text\">CONOCE M\u00c1S<\/span>\n\t\t\t\t\t<\/span>\n\t\t\t\t\t<\/a>\n\t\t\t\t\t\t\t\t<\/div>\n\t\t\t\t<\/div>\n\t\t<div class=\"elementor-element elementor-element-399a48d animated-slow e-flex e-con-boxed e-con e-parent\" data-id=\"399a48d\" data-element_type=\"container\" id=\"m1\" data-settings=\"{&quot;animation&quot;:&quot;none&quot;,&quot;background_background&quot;:&quot;video&quot;,&quot;background_video_link&quot;:&quot;https:\\\/\\\/www.youtube.com\\\/watch?v=VRchrCuDLVo&amp;ab_channel=Baun&quot;}\">\n\t\t\t\t\t<div class=\"e-con-inner\">\n\t\t<div class=\"elementor-background-video-container elementor-hidden-mobile\" aria-hidden=\"true\">\n\t\t\t\t\t\t\t<div class=\"elementor-background-video-embed\"><\/div>\n\t\t\t\t\t\t<\/div><div class=\"elementor-element elementor-element-36d026c e-con-full e-transform e-flex e-con e-child\" data-id=\"36d026c\" data-element_type=\"container\" data-settings=\"{&quot;_transform_scale_effect_mobile&quot;:{&quot;unit&quot;:&quot;px&quot;,&quot;size&quot;:0.85,&quot;sizes&quot;:[]},&quot;_transform_scale_effect&quot;:{&quot;unit&quot;:&quot;px&quot;,&quot;size&quot;:&quot;&quot;,&quot;sizes&quot;:[]},&quot;_transform_scale_effect_tablet&quot;:{&quot;unit&quot;:&quot;px&quot;,&quot;size&quot;:&quot;&quot;,&quot;sizes&quot;:[]}}\">\n\t\t\t\t<div class=\"elementor-element elementor-element-fd043be elementor-widget elementor-widget-heading\" data-id=\"fd043be\" data-element_type=\"widget\" data-widget_type=\"heading.default\">\n\t\t\t\t\t<h2 class=\"elementor-heading-title elementor-size-default\">La Esencia del Transhumanismo Espiritual<\/h2>\t\t\t\t<\/div>\n\t\t\t\t<div class=\"elementor-element elementor-element-586e81c elementor-widget__width-initial elementor-widget elementor-widget-heading\" data-id=\"586e81c\" data-element_type=\"widget\" data-widget_type=\"heading.default\">\n\t\t\t\t\t<h2 class=\"elementor-heading-title elementor-size-default\">Es un camino de transformaci\u00f3n, una fuerza que invita a ir m\u00e1s all\u00e1 de lo inmediato, a reencontrar la ra\u00edz espiritual en medio de un mundo que parece haberla olvidado. Es un horizonte donde lo humano y lo eterno conviven.<\/h2>\t\t\t\t<\/div>\n\t\t\t\t<div class=\"elementor-element elementor-element-1c30139 elementor-widget elementor-widget-heading\" data-id=\"1c30139\" data-element_type=\"widget\" data-widget_type=\"heading.default\">\n\t\t\t\t\t<h2 class=\"elementor-heading-title elementor-size-default\">UN HOGAR PARA LOS MIlLENIALS Y LA GEN Z <span style=\"font-style: inherit;letter-spacing: 0px\"><\/span><\/h2>\t\t\t\t<\/div>\n\t\t\t\t<div class=\"elementor-element elementor-element-2170ad1 elementor-widget__width-initial elementor-widget elementor-widget-heading\" data-id=\"2170ad1\" data-element_type=\"widget\" data-widget_type=\"heading.default\">\n\t\t\t\t\t<h2 class=\"elementor-heading-title elementor-size-default\">Para quienes sienten el cansancio de lo superficial y buscan en la CULTURA un espacio de verdad, belleza y comunidad. Una casa digital que ofrece claridad en medio del ruido y abre la puerta a una vida m\u00e1s consciente y trascendente.<\/h2>\t\t\t\t<\/div>\n\t\t\t\t<\/div>\n\t\t\t\t\t<\/div>\n\t\t\t\t<\/div>\n\t\t<div class=\"elementor-element elementor-element-11cb2df e-flex e-con-boxed e-con e-parent\" data-id=\"11cb2df\" data-element_type=\"container\">\n\t\t\t\t\t<div class=\"e-con-inner\">\n\t\t\t\t<div class=\"elementor-element elementor-element-6164604 elementor-align-justify e-transform elementor-widget elementor-widget-button\" data-id=\"6164604\" data-element_type=\"widget\" data-settings=\"{&quot;_transform_translateY_effect&quot;:{&quot;unit&quot;:&quot;px&quot;,&quot;size&quot;:31,&quot;sizes&quot;:[]},&quot;_transform_translateX_effect&quot;:{&quot;unit&quot;:&quot;px&quot;,&quot;size&quot;:&quot;&quot;,&quot;sizes&quot;:[]},&quot;_transform_translateX_effect_tablet&quot;:{&quot;unit&quot;:&quot;px&quot;,&quot;size&quot;:&quot;&quot;,&quot;sizes&quot;:[]},&quot;_transform_translateX_effect_mobile&quot;:{&quot;unit&quot;:&quot;px&quot;,&quot;size&quot;:&quot;&quot;,&quot;sizes&quot;:[]},&quot;_transform_translateY_effect_tablet&quot;:{&quot;unit&quot;:&quot;px&quot;,&quot;size&quot;:&quot;&quot;,&quot;sizes&quot;:[]},&quot;_transform_translateY_effect_mobile&quot;:{&quot;unit&quot;:&quot;px&quot;,&quot;size&quot;:&quot;&quot;,&quot;sizes&quot;:[]}}\" data-widget_type=\"button.default\">\n\t\t\t\t\t\t\t\t\t\t<a class=\"elementor-button elementor-button-link elementor-size-sm\" href=\"#m1\">\n\t\t\t\t\t\t<span class=\"elementor-button-content-wrapper\">\n\t\t\t\t\t\t\t\t\t<span class=\"elementor-button-text\">- MANIFIESTO -<\/span>\n\t\t\t\t\t<\/span>\n\t\t\t\t\t<\/a>\n\t\t\t\t\t\t\t\t<\/div>\n\t\t\t\t\t<\/div>\n\t\t\t\t<\/div>\n\t\t<div class=\"elementor-element elementor-element-0215680 animated-slow e-flex e-con-boxed elementor-invisible e-con e-parent\" data-id=\"0215680\" data-element_type=\"container\" data-settings=\"{&quot;animation&quot;:&quot;fadeInUp&quot;}\">\n\t\t\t\t\t<div class=\"e-con-inner\">\n\t\t<div class=\"elementor-element elementor-element-1315575 e-con-full e-flex e-con e-child\" data-id=\"1315575\" data-element_type=\"container\">\n\t\t\t\t<div class=\"elementor-element elementor-element-9ecc3f1 elementor-widget elementor-widget-heading\" data-id=\"9ecc3f1\" data-element_type=\"widget\" data-widget_type=\"heading.default\">\n\t\t\t\t\t<h2 class=\"elementor-heading-title elementor-size-default\">VIOLETISMO<\/h2>\t\t\t\t<\/div>\n\t\t\t\t<div class=\"elementor-element elementor-element-dafb58a elementor-widget__width-initial elementor-widget elementor-widget-heading\" data-id=\"dafb58a\" data-element_type=\"widget\" data-widget_type=\"heading.default\">\n\t\t\t\t\t<h2 class=\"elementor-heading-title elementor-size-default\">Vivimos entre promesas fugaces: amores que se diluyen, metas que se evaporan, espiritualidades de escaparate. Y sin embargo, en lo profundo, todos seguimos buscando lo mismo: un sentido verdadero de uni\u00f3n y trascendencia.\n\nEl Violetismo no ofrece respuestas r\u00e1pidas.\nEs un gesto \u00edntimo, un respiro entre tanto caos.\nUna invitaci\u00f3n a transformar lo pesado en liviandad, lo oscuro en claridad, lo superficial en v\u00ednculo verdadero.<\/h2>\t\t\t\t<\/div>\n\t\t\t\t<div class=\"elementor-element elementor-element-ee4ff75 elementor-align-center elementor-widget elementor-widget-button\" data-id=\"ee4ff75\" data-element_type=\"widget\" data-widget_type=\"button.default\">\n\t\t\t\t\t\t\t\t\t\t<a class=\"elementor-button elementor-button-link elementor-size-sm\" href=\"https:\/\/transhumanismoespiritual.com\/?p=585&#038;preview=true\">\n\t\t\t\t\t\t<span class=\"elementor-button-content-wrapper\">\n\t\t\t\t\t\t\t\t\t<span class=\"elementor-button-text\">CONOCE M\u00c1S<\/span>\n\t\t\t\t\t<\/span>\n\t\t\t\t\t<\/a>\n\t\t\t\t\t\t\t\t<\/div>\n\t\t\t\t<\/div>\n\t\t<div class=\"elementor-element elementor-element-933ee94 e-con-full e-flex e-con e-child\" data-id=\"933ee94\" data-element_type=\"container\">\n\t\t\t\t<div class=\"elementor-element elementor-element-5335325 elementor-widget elementor-widget-heading\" data-id=\"5335325\" data-element_type=\"widget\" data-widget_type=\"heading.default\">\n\t\t\t\t\t<h2 class=\"elementor-heading-title elementor-size-default\">AQUARIUM<\/h2>\t\t\t\t<\/div>\n\t\t\t\t<div class=\"elementor-element elementor-element-32a213e elementor-widget__width-initial elementor-widget elementor-widget-heading\" data-id=\"32a213e\" data-element_type=\"widget\" data-widget_type=\"heading.default\">\n\t\t\t\t\t<h2 class=\"elementor-heading-title elementor-size-default\">La modernidad prometi\u00f3 abundancia, pero dej\u00f3 vac\u00edo. Nos llen\u00f3 de objetos y nos rob\u00f3 sentido. Nos dio velocidad, pero no direcci\u00f3n.\n\nAquarium es la corriente contraria.\nAqu\u00ed, los bienes y servicios no se acumulan: circulan.\nAqu\u00ed, el liderazgo no se impone: nace de un llamado interno.\nAqu\u00ed, el dinero no domina: sostiene la vida compartida.\n\nEs el comienzo de una pol\u00edtica distinta:\nuna econom\u00eda que respira justicia, una comunidad que elige la cooperaci\u00f3n por sobre la codicia, un espacio donde la abundancia deja de ser privilegio y se convierte en experiencia com\u00fan.\n<\/h2>\t\t\t\t<\/div>\n\t\t\t\t<div class=\"elementor-element elementor-element-21a0f68 elementor-align-center elementor-widget elementor-widget-button\" data-id=\"21a0f68\" data-element_type=\"widget\" data-widget_type=\"button.default\">\n\t\t\t\t\t\t\t\t\t\t<a class=\"elementor-button elementor-button-link elementor-size-sm\" href=\"https:\/\/transhumanismoespiritual.com\/?p=590&#038;preview=true\">\n\t\t\t\t\t\t<span class=\"elementor-button-content-wrapper\">\n\t\t\t\t\t\t\t\t\t<span class=\"elementor-button-text\">CONOCE M\u00c1S<\/span>\n\t\t\t\t\t<\/span>\n\t\t\t\t\t<\/a>\n\t\t\t\t\t\t\t\t<\/div>\n\t\t\t\t<\/div>\n\t\t\t\t\t<\/div>\n\t\t\t\t<\/div>\n\t\t<div class=\"elementor-element elementor-element-f525176 e-flex e-con-boxed e-con e-parent\" data-id=\"f525176\" data-element_type=\"container\">\n\t\t\t\t\t<div class=\"e-con-inner\">\n\t\t\t\t\t<\/div>\n\t\t\t\t<\/div>\n\t\t<div class=\"elementor-element elementor-element-ba866c7 e-flex e-con-boxed e-con e-parent\" data-id=\"ba866c7\" data-element_type=\"container\">\n\t\t\t\t\t<div class=\"e-con-inner\">\n\t\t\t\t<div class=\"elementor-element elementor-element-aa5e0e2 elementor-widget elementor-widget-image\" data-id=\"aa5e0e2\" data-element_type=\"widget\" data-widget_type=\"image.default\">\n\t\t\t\t\t\t\t\t\t\t\t\t\t\t\t<img decoding=\"async\" width=\"160\" height=\"160\" src=\"https:\/\/transhumanismoespiritual.com\/wp-content\/uploads\/2025\/12\/cropped-logo_transhumanismoespiritual-1.webp\" class=\"attachment-large size-large wp-image-532\" alt=\"\" srcset=\"https:\/\/transhumanismoespiritual.com\/wp-content\/uploads\/2025\/12\/cropped-logo_transhumanismoespiritual-1.webp 160w, https:\/\/transhumanismoespiritual.com\/wp-content\/uploads\/2025\/12\/cropped-logo_transhumanismoespiritual-1-150x150.webp 150w\" sizes=\"(max-width: 160px) 100vw, 160px\" \/>\t\t\t\t\t\t\t\t\t\t\t\t\t\t\t<\/div>\n\t\t\t\t\t<\/div>\n\t\t\t\t<\/div>\n\t\t<div class=\"elementor-element elementor-element-16987a1 e-flex e-con-boxed e-con e-parent\" data-id=\"16987a1\" data-element_type=\"container\">\n\t\t\t\t\t<div class=\"e-con-inner\">\n\t\t\t\t\t<\/div>\n\t\t\t\t<\/div>\n\t\t\t\t<\/div>\n\t\t","protected":false},"excerpt":{"rendered":"<p>TRANSHUMANISMO ESPIRITUAL Encuentra el Amor Verdadero y el Prop\u00f3sito de Vida En un mundo superficial, el Amor Verdadero es la \u00fanica esencia que ofrece conexi\u00f3n y trascendencia real. CONOCE M\u00c1S La Esencia del Transhumanismo Espiritual Es un camino de transformaci\u00f3n, una fuerza que invita a ir m\u00e1s all\u00e1 de lo inmediato, a reencontrar la ra\u00edz [&hellip;]<\/p>\n","protected":false},"author":1,"featured_media":0,"parent":0,"menu_order":0,"comment_status":"closed","ping_status":"closed","template":"","meta":{"site-sidebar-layout":"no-sidebar","site-content-layout":"","ast-site-content-layout":"full-width-container","site-content-style":"unboxed","site-sidebar-style":"unboxed","ast-global-header-display":"","ast-banner-title-visibility":"disabled","ast-main-header-display":"","ast-hfb-above-header-display":"","ast-hfb-below-header-display":"","ast-hfb-mobile-header-display":"","site-post-title":"","ast-breadcrumbs-content":"","ast-featured-img":"disabled","footer-sml-layout":"","theme-transparent-header-meta":"default","adv-header-id-meta":"","stick-header-meta":"","header-above-stick-meta":"","header-main-stick-meta":"","header-below-stick-meta":"","astra-migrate-meta-layouts":"set","ast-page-background-enabled":"default","ast-page-background-meta":{"desktop":{"background-color":"var(--ast-global-color-5)","background-image":"","background-repeat":"repeat","background-position":"center center","background-size":"auto","background-attachment":"scroll","background-type":"","background-media":"","overlay-type":"","overlay-color":"","overlay-opacity":"","overlay-gradient":""},"tablet":{"background-color":"","background-image":"","background-repeat":"repeat","background-position":"center center","background-size":"auto","background-attachment":"scroll","background-type":"","background-media":"","overlay-type":"","overlay-color":"","overlay-opacity":"","overlay-gradient":""},"mobile":{"background-color":"","background-image":"","background-repeat":"repeat","background-position":"center center","background-size":"auto","background-attachment":"scroll","background-type":"","background-media":"","overlay-type":"","overlay-color":"","overlay-opacity":"","overlay-gradient":""}},"ast-content-background-meta":{"desktop":{"background-color":"var(--ast-global-color-4)","background-image":"","background-repeat":"repeat","background-position":"center center","background-size":"auto","background-attachment":"scroll","background-type":"","background-media":"","overlay-type":"","overlay-color":"","overlay-opacity":"","overlay-gradient":""},"tablet":{"background-color":"var(--ast-global-color-4)","background-image":"","background-repeat":"repeat","background-position":"center center","background-size":"auto","background-attachment":"scroll","background-type":"","background-media":"","overlay-type":"","overlay-color":"","overlay-opacity":"","overlay-gradient":""},"mobile":{"background-color":"var(--ast-global-color-4)","background-image":"","background-repeat":"repeat","background-position":"center center","background-size":"auto","background-attachment":"scroll","background-type":"","background-media":"","overlay-type":"","overlay-color":"","overlay-opacity":"","overlay-gradient":""}},"footnotes":""},"class_list":["post-6","page","type-page","status-publish","hentry"],"yoast_head":"<!-- This site is optimized with the Yoast SEO plugin v26.6 - https:\/\/yoast.com\/wordpress\/plugins\/seo\/ -->\n<title>HOME - TRANSHUMANISMO ESPIRITUAL<\/title>\n<meta name=\"description\" content=\"Hogar del Transhumanismo Espiritual. Un espacio de reflexi\u00f3n profunda, consciencia, literatura y trascendencia.\" \/>\n<meta name=\"robots\" content=\"index, follow, max-snippet:-1, max-image-preview:large, max-video-preview:-1\" \/>\n<link rel=\"canonical\" href=\"https:\/\/transhumanismoespiritual.com\/\" \/>\n<meta property=\"og:locale\" content=\"es_ES\" \/>\n<meta property=\"og:type\" content=\"article\" \/>\n<meta property=\"og:title\" content=\"HOME - TRANSHUMANISMO ESPIRITUAL\" \/>\n<meta property=\"og:description\" content=\"Hogar del Transhumanismo Espiritual. Un espacio de reflexi\u00f3n profunda, consciencia, literatura y trascendencia.\" \/>\n<meta property=\"og:url\" content=\"https:\/\/transhumanismoespiritual.com\/\" \/>\n<meta property=\"og:site_name\" content=\"TRANSHUMANISMO ESPIRITUAL\" \/>\n<meta property=\"article:publisher\" content=\"https:\/\/www.threads.com\/@transhumanismoespiritual?hl=es-la\" \/>\n<meta property=\"article:modified_time\" content=\"2025-12-26T21:26:51+00:00\" \/>\n<meta property=\"og:image\" content=\"https:\/\/transhumanismoespiritual.com\/wp-content\/uploads\/2025\/09\/THESTAR.webp\" \/>\n<meta name=\"twitter:card\" content=\"summary_large_image\" \/>\n<meta name=\"twitter:site\" content=\"@transhuman55978\" \/>\n<meta name=\"twitter:label1\" content=\"Tiempo estimado de lectura\" \/>\n\t<meta name=\"twitter:data1\" content=\"2 minutos\" \/>\n<script type=\"application\/ld+json\" class=\"yoast-schema-graph\">{\"@context\":\"https:\/\/schema.org\",\"@graph\":[{\"@type\":\"WebPage\",\"@id\":\"https:\/\/transhumanismoespiritual.com\/\",\"url\":\"https:\/\/transhumanismoespiritual.com\/\",\"name\":\"HOME - TRANSHUMANISMO ESPIRITUAL\",\"isPartOf\":{\"@id\":\"https:\/\/transhumanismoespiritual.com\/#website\"},\"primaryImageOfPage\":{\"@id\":\"https:\/\/transhumanismoespiritual.com\/#primaryimage\"},\"image\":{\"@id\":\"https:\/\/transhumanismoespiritual.com\/#primaryimage\"},\"thumbnailUrl\":\"https:\/\/transhumanismoespiritual.com\/wp-content\/uploads\/2025\/09\/THESTAR.webp\",\"datePublished\":\"2025-08-31T18:35:27+00:00\",\"dateModified\":\"2025-12-26T21:26:51+00:00\",\"description\":\"Hogar del Transhumanismo Espiritual. Un espacio de reflexi\u00f3n profunda, consciencia, literatura y trascendencia.\",\"breadcrumb\":{\"@id\":\"https:\/\/transhumanismoespiritual.com\/#breadcrumb\"},\"inLanguage\":\"es-CL\",\"potentialAction\":[{\"@type\":\"ReadAction\",\"target\":[\"https:\/\/transhumanismoespiritual.com\/\"]}]},{\"@type\":\"ImageObject\",\"inLanguage\":\"es-CL\",\"@id\":\"https:\/\/transhumanismoespiritual.com\/#primaryimage\",\"url\":\"https:\/\/transhumanismoespiritual.com\/wp-content\/uploads\/2025\/09\/THESTAR.webp\",\"contentUrl\":\"https:\/\/transhumanismoespiritual.com\/wp-content\/uploads\/2025\/09\/THESTAR.webp\",\"width\":369,\"height\":366},{\"@type\":\"BreadcrumbList\",\"@id\":\"https:\/\/transhumanismoespiritual.com\/#breadcrumb\",\"itemListElement\":[{\"@type\":\"ListItem\",\"position\":1,\"name\":\"Portada\",\"item\":\"https:\/\/transhumanismoespiritual.com\/\"},{\"@type\":\"ListItem\",\"position\":2,\"name\":\"HOME\"}]},{\"@type\":\"WebSite\",\"@id\":\"https:\/\/transhumanismoespiritual.com\/#website\",\"url\":\"https:\/\/transhumanismoespiritual.com\/\",\"name\":\"TRANSHUMANISMO ESPIRITUAL\",\"description\":\"Hogar digital\",\"publisher\":{\"@id\":\"https:\/\/transhumanismoespiritual.com\/#organization\"},\"potentialAction\":[{\"@type\":\"SearchAction\",\"target\":{\"@type\":\"EntryPoint\",\"urlTemplate\":\"https:\/\/transhumanismoespiritual.com\/?s={search_term_string}\"},\"query-input\":{\"@type\":\"PropertyValueSpecification\",\"valueRequired\":true,\"valueName\":\"search_term_string\"}}],\"inLanguage\":\"es-CL\"},{\"@type\":\"Organization\",\"@id\":\"https:\/\/transhumanismoespiritual.com\/#organization\",\"name\":\"TRANSHUMANISMO ESPIRITUAL\",\"url\":\"https:\/\/transhumanismoespiritual.com\/\",\"logo\":{\"@type\":\"ImageObject\",\"inLanguage\":\"es-CL\",\"@id\":\"https:\/\/transhumanismoespiritual.com\/#\/schema\/logo\/image\/\",\"url\":\"https:\/\/transhumanismoespiritual.com\/wp-content\/uploads\/2025\/12\/cropped-logo_transhumanismoespiritual-1.webp\",\"contentUrl\":\"https:\/\/transhumanismoespiritual.com\/wp-content\/uploads\/2025\/12\/cropped-logo_transhumanismoespiritual-1.webp\",\"width\":160,\"height\":160,\"caption\":\"TRANSHUMANISMO ESPIRITUAL\"},\"image\":{\"@id\":\"https:\/\/transhumanismoespiritual.com\/#\/schema\/logo\/image\/\"},\"sameAs\":[\"https:\/\/www.threads.com\/@transhumanismoespiritual?hl=es-la\",\"https:\/\/x.com\/transhuman55978\",\"https:\/\/www.instagram.com\/transhumanismoespiritual\/\"]}]}<\/script>\n<!-- \/ Yoast SEO plugin. -->","yoast_head_json":{"title":"HOME - TRANSHUMANISMO ESPIRITUAL","description":"Hogar del Transhumanismo Espiritual. Un espacio de reflexi\u00f3n profunda, consciencia, literatura y trascendencia.","robots":{"index":"index","follow":"follow","max-snippet":"max-snippet:-1","max-image-preview":"max-image-preview:large","max-video-preview":"max-video-preview:-1"},"canonical":"https:\/\/transhumanismoespiritual.com\/","og_locale":"es_ES","og_type":"article","og_title":"HOME - TRANSHUMANISMO ESPIRITUAL","og_description":"Hogar del Transhumanismo Espiritual. Un espacio de reflexi\u00f3n profunda, consciencia, literatura y trascendencia.","og_url":"https:\/\/transhumanismoespiritual.com\/","og_site_name":"TRANSHUMANISMO ESPIRITUAL","article_publisher":"https:\/\/www.threads.com\/@transhumanismoespiritual?hl=es-la","article_modified_time":"2025-12-26T21:26:51+00:00","og_image":[{"url":"https:\/\/transhumanismoespiritual.com\/wp-content\/uploads\/2025\/09\/THESTAR.webp","type":"","width":"","height":""}],"twitter_card":"summary_large_image","twitter_site":"@transhuman55978","twitter_misc":{"Tiempo estimado de lectura":"2 minutos"},"schema":{"@context":"https:\/\/schema.org","@graph":[{"@type":"WebPage","@id":"https:\/\/transhumanismoespiritual.com\/","url":"https:\/\/transhumanismoespiritual.com\/","name":"HOME - TRANSHUMANISMO ESPIRITUAL","isPartOf":{"@id":"https:\/\/transhumanismoespiritual.com\/#website"},"primaryImageOfPage":{"@id":"https:\/\/transhumanismoespiritual.com\/#primaryimage"},"image":{"@id":"https:\/\/transhumanismoespiritual.com\/#primaryimage"},"thumbnailUrl":"https:\/\/transhumanismoespiritual.com\/wp-content\/uploads\/2025\/09\/THESTAR.webp","datePublished":"2025-08-31T18:35:27+00:00","dateModified":"2025-12-26T21:26:51+00:00","description":"Hogar del Transhumanismo Espiritual. Un espacio de reflexi\u00f3n profunda, consciencia, literatura y trascendencia.","breadcrumb":{"@id":"https:\/\/transhumanismoespiritual.com\/#breadcrumb"},"inLanguage":"es-CL","potentialAction":[{"@type":"ReadAction","target":["https:\/\/transhumanismoespiritual.com\/"]}]},{"@type":"ImageObject","inLanguage":"es-CL","@id":"https:\/\/transhumanismoespiritual.com\/#primaryimage","url":"https:\/\/transhumanismoespiritual.com\/wp-content\/uploads\/2025\/09\/THESTAR.webp","contentUrl":"https:\/\/transhumanismoespiritual.com\/wp-content\/uploads\/2025\/09\/THESTAR.webp","width":369,"height":366},{"@type":"BreadcrumbList","@id":"https:\/\/transhumanismoespiritual.com\/#breadcrumb","itemListElement":[{"@type":"ListItem","position":1,"name":"Portada","item":"https:\/\/transhumanismoespiritual.com\/"},{"@type":"ListItem","position":2,"name":"HOME"}]},{"@type":"WebSite","@id":"https:\/\/transhumanismoespiritual.com\/#website","url":"https:\/\/transhumanismoespiritual.com\/","name":"TRANSHUMANISMO ESPIRITUAL","description":"Hogar digital","publisher":{"@id":"https:\/\/transhumanismoespiritual.com\/#organization"},"potentialAction":[{"@type":"SearchAction","target":{"@type":"EntryPoint","urlTemplate":"https:\/\/transhumanismoespiritual.com\/?s={search_term_string}"},"query-input":{"@type":"PropertyValueSpecification","valueRequired":true,"valueName":"search_term_string"}}],"inLanguage":"es-CL"},{"@type":"Organization","@id":"https:\/\/transhumanismoespiritual.com\/#organization","name":"TRANSHUMANISMO ESPIRITUAL","url":"https:\/\/transhumanismoespiritual.com\/","logo":{"@type":"ImageObject","inLanguage":"es-CL","@id":"https:\/\/transhumanismoespiritual.com\/#\/schema\/logo\/image\/","url":"https:\/\/transhumanismoespiritual.com\/wp-content\/uploads\/2025\/12\/cropped-logo_transhumanismoespiritual-1.webp","contentUrl":"https:\/\/transhumanismoespiritual.com\/wp-content\/uploads\/2025\/12\/cropped-logo_transhumanismoespiritual-1.webp","width":160,"height":160,"caption":"TRANSHUMANISMO ESPIRITUAL"},"image":{"@id":"https:\/\/transhumanismoespiritual.com\/#\/schema\/logo\/image\/"},"sameAs":["https:\/\/www.threads.com\/@transhumanismoespiritual?hl=es-la","https:\/\/x.com\/transhuman55978","https:\/\/www.instagram.com\/transhumanismoespiritual\/"]}]}},"_links":{"self":[{"href":"https:\/\/transhumanismoespiritual.com\/index.php\/wp-json\/wp\/v2\/pages\/6","targetHints":{"allow":["GET"]}}],"collection":[{"href":"https:\/\/transhumanismoespiritual.com\/index.php\/wp-json\/wp\/v2\/pages"}],"about":[{"href":"https:\/\/transhumanismoespiritual.com\/index.php\/wp-json\/wp\/v2\/types\/page"}],"author":[{"embeddable":true,"href":"https:\/\/transhumanismoespiritual.com\/index.php\/wp-json\/wp\/v2\/users\/1"}],"replies":[{"embeddable":true,"href":"https:\/\/transhumanismoespiritual.com\/index.php\/wp-json\/wp\/v2\/comments?post=6"}],"version-history":[{"count":411,"href":"https:\/\/transhumanismoespiritual.com\/index.php\/wp-json\/wp\/v2\/pages\/6\/revisions"}],"predecessor-version":[{"id":671,"href":"https:\/\/transhumanismoespiritual.com\/index.php\/wp-json\/wp\/v2\/pages\/6\/revisions\/671"}],"wp:attachment":[{"href":"https:\/\/transhumanismoespiritual.com\/index.php\/wp-json\/wp\/v2\/media?parent=6"}],"curies":[{"name":"wp","href":"https:\/\/api.w.org\/{rel}","templated":true}]}}